{"id":11280,"date":"2013-04-20T08:45:52","date_gmt":"2013-04-20T08:45:52","guid":{"rendered":"http:\/\/www.associaciobatibull.org\/es\/escola-de-lleure\/"},"modified":"2022-03-14T12:38:02","modified_gmt":"2022-03-14T12:38:02","slug":"escuela-de-ocio","status":"publish","type":"page","link":"https:\/\/associaciobatibull.org\/es\/escuela-de-ocio\/","title":{"rendered":"Escuela de Ocio"},"content":{"rendered":"<div class=\"fusion-fullwidth fullwidth-box hundred-percent-fullwidth non-hundred-percent-height-scrolling\"  style='background-color: rgba(255,255,255,0);background-position: center center;background-repeat: no-repeat;padding-top:0px;padding-right:0px;padding-bottom:0px;padding-left:0px;'><div class=\"fusion-builder-row fusion-row \"><div  class=\"fusion-layout-column fusion_builder_column fusion_builder_column_1_2  fusion-one-half fusion-column-first 1_2\"  style='margin-top:0px;margin-bottom:20px;width:48%; margin-right: 4%;'>\n\t\t\t\t\t<div class=\"fusion-column-wrapper\" style=\"padding: 0px 0px 0px 0px;background-position:left top;background-repeat:no-repeat;-webkit-background-size:cover;-moz-background-size:cover;-o-background-size:cover;background-size:cover;\"  data-bg-url=\"\">\n\t\t\t\t\t\t<span class=\"fusion-imageframe imageframe-none imageframe-1 hover-type-none\"><img decoding=\"async\" src=\"http:\/\/www.associaciobatibull.org\/wp-content\/uploads\/2013\/04\/escolalleure-1.jpg\" width=\"\" height=\"\" alt=\"\" title=\"\" class=\"img-responsive\"\/><\/span><div class=\"fusion-sep-clear\"><\/div><div class=\"fusion-separator fusion-full-width-sep sep-none\" style=\"margin-left: auto;margin-right: auto;margin-top:8px;margin-bottom:8px;\"><\/div><span class=\"fusion-imageframe imageframe-none imageframe-2 hover-type-none\"><img decoding=\"async\" src=\"http:\/\/www.associaciobatibull.org\/wp-content\/uploads\/2016\/02\/escolalleure-2.jpg\" width=\"\" height=\"\" alt=\"\" title=\"\" class=\"img-responsive\"\/><\/span><div class=\"fusion-clearfix\"><\/div>\n\n\t\t\t\t\t<\/div>\n\t\t\t\t<\/div><div  class=\"fusion-layout-column fusion_builder_column fusion_builder_column_1_2  fusion-one-half fusion-column-last 1_2\"  style='margin-top:0px;margin-bottom:20px;width:48%'>\n\t\t\t\t\t<div class=\"fusion-column-wrapper\" style=\"padding: 0px 0px 0px 0px;background-position:left top;background-repeat:no-repeat;-webkit-background-size:cover;-moz-background-size:cover;-o-background-size:cover;background-size:cover;\"  data-bg-url=\"\">\n\t\t\t\t\t\t<div class=\"fusion-text\"><h2><img loading=\"lazy\" decoding=\"async\" class=\"size-full wp-image-11519 aligncenter\" src=\"http:\/\/www.associaciobatibull.org\/wp-content\/uploads\/2016\/10\/logo-escola.png\" alt=\"logo-escola de monitros\" width=\"358\" height=\"120\" srcset=\"https:\/\/associaciobatibull.org\/wp-content\/uploads\/2016\/10\/logo-escola-300x101.png 300w, https:\/\/associaciobatibull.org\/wp-content\/uploads\/2016\/10\/logo-escola.png 358w\" sizes=\"auto, (max-width: 358px) 100vw, 358px\" \/><\/h2>\n<p>Desde los 22 a\u00f1os de nuestra experiencia en el \u00e1mbito del ocio ofrecemos un modelo integral de Escuela de Tiempo libre basada en la cultura de ocio tradicional en nuestro pa\u00eds adaptada a la realidad actual; dirigida a las potencialidades, intereses y motivaciones de la poblaci\u00f3n infantil y juvenil para generar un ocio l\u00fadico-educativo y humanista para promocionar un desarrollo integral a partir de la animaci\u00f3n sociocultural<\/p>\n<p>La\u00a0<strong>Escuela de Ocio Batibull<\/strong>\u00a0desarrolla dos principios fundamentales en sus fines y acciones:\u00a0<em>compromiso y responsabilidad<\/em>\u00a0para la mejora y la innovaci\u00f3n de la educaci\u00f3n en el tiempo libre, dentro de una sociedad globalizada, de nuevas tecnolog\u00edas y de valores culturales. Bas\u00e1ndose en la Pedagog\u00eda activa, como forma de entender el proceso de ense\u00f1anza\/aprendizaje, que desde la base de la educaci\u00f3n emocional facilita:<\/p>\n<ul>\n<li>Un aprendizaje constructivista: activaci\u00f3n de conocimientos.<\/li>\n<li>Un aprendizaje cooperativo: basado en el trabajo en grupo, con la interacci\u00f3n y la adquisici\u00f3n de habilidades sociales.<\/li>\n<\/ul>\n<p>La\u00a0<strong>Escuela de Ocio Batibull<\/strong>\u00a0imparte la titulaci\u00f3n oficial de monitor\/a y director a de actividades de ocio infantil y juvenil, as\u00ed como cursos monogr\u00e1ficos y de especializaci\u00f3n en el ocio. Ha sido reconocida por la Direcci\u00f3n General de Juventud, Departamento de Bienestar Social y Familia de la Generalidad de Catalu\u00f1a el 26 de julio del 2011.<\/p>\n<p>Para contactar puede dirigirse a la Asociaci\u00f3n Batibull o a trav\u00e9s del correo electr\u00f3nico de la Escuela de ocio:<a style=\"font-size: 16px;\" href=\"mailto:associaciobatibull@gmail.com\"><span style=\"font-weight: 400;\"> associaciobatibull@gmail.com<\/span><\/a><\/p>\n<p><!--:--><\/p>\n<\/div><div class=\"fusion-clearfix\"><\/div>\n\n\t\t\t\t\t<\/div>\n\t\t\t\t<\/div><\/div><\/div>\n","protected":false},"excerpt":{"rendered":"","protected":false},"author":1,"featured_media":0,"parent":0,"menu_order":0,"comment_status":"closed","ping_status":"closed","template":"","meta":{"footnotes":""},"class_list":["post-11280","page","type-page","status-publish","hentry"],"yoast_head":"<!-- This site is optimized with the Yoast SEO plugin v26.6 - https:\/\/yoast.com\/wordpress\/plugins\/seo\/ -->\n<title>Escuela de ocio Batibull - Cultura tradicional y actual<\/title>\n<meta name=\"description\" content=\"Escuela basada en la cultura de ocio tradicional en nuestro pa\u00eds adaptada a la realidad actual dirigida a la poblaci\u00f3n infantil y juvenil.\" \/>\n<meta name=\"robots\" content=\"index, follow, max-snippet:-1, max-image-preview:large, max-video-preview:-1\" \/>\n<link rel=\"canonical\" href=\"https:\/\/associaciobatibull.org\/es\/escuela-de-ocio\/\" \/>\n<meta property=\"og:locale\" content=\"es_ES\" \/>\n<meta property=\"og:type\" content=\"article\" \/>\n<meta property=\"og:title\" content=\"Escuela de ocio Batibull - Cultura tradicional y actual\" \/>\n<meta property=\"og:description\" content=\"Escuela basada en la cultura de ocio tradicional en nuestro pa\u00eds adaptada a la realidad actual dirigida a la poblaci\u00f3n infantil y juvenil.\" \/>\n<meta property=\"og:url\" content=\"https:\/\/associaciobatibull.org\/es\/escuela-de-ocio\/\" \/>\n<meta property=\"og:site_name\" content=\"BATIBULL\" \/>\n<meta property=\"article:publisher\" content=\"https:\/\/www.facebook.com\/associaciobatibullgirona\/\" \/>\n<meta property=\"article:modified_time\" content=\"2022-03-14T12:38:02+00:00\" \/>\n<meta property=\"og:image\" content=\"http:\/\/www.associaciobatibull.org\/wp-content\/uploads\/2013\/04\/escolalleure-1.jpg\" \/>\n<meta name=\"twitter:card\" content=\"summary_large_image\" \/>\n<meta name=\"twitter:label1\" content=\"Tiempo de lectura\" \/>\n\t<meta name=\"twitter:data1\" content=\"3 minutos\" \/>\n<script type=\"application\/ld+json\" class=\"yoast-schema-graph\">{\"@context\":\"https:\/\/schema.org\",\"@graph\":[{\"@type\":\"WebPage\",\"@id\":\"https:\/\/associaciobatibull.org\/es\/escuela-de-ocio\/\",\"url\":\"https:\/\/associaciobatibull.org\/es\/escuela-de-ocio\/\",\"name\":\"Escuela de ocio Batibull - Cultura tradicional y actual\",\"isPartOf\":{\"@id\":\"https:\/\/associaciobatibull.org\/#website\"},\"primaryImageOfPage\":{\"@id\":\"https:\/\/associaciobatibull.org\/es\/escuela-de-ocio\/#primaryimage\"},\"image\":{\"@id\":\"https:\/\/associaciobatibull.org\/es\/escuela-de-ocio\/#primaryimage\"},\"thumbnailUrl\":\"http:\/\/www.associaciobatibull.org\/wp-content\/uploads\/2013\/04\/escolalleure-1.jpg\",\"datePublished\":\"2013-04-20T08:45:52+00:00\",\"dateModified\":\"2022-03-14T12:38:02+00:00\",\"description\":\"Escuela basada en la cultura de ocio tradicional en nuestro pa\u00eds adaptada a la realidad actual dirigida a la poblaci\u00f3n infantil y juvenil.\",\"breadcrumb\":{\"@id\":\"https:\/\/associaciobatibull.org\/es\/escuela-de-ocio\/#breadcrumb\"},\"inLanguage\":\"es\",\"potentialAction\":[{\"@type\":\"ReadAction\",\"target\":[\"https:\/\/associaciobatibull.org\/es\/escuela-de-ocio\/\"]}]},{\"@type\":\"ImageObject\",\"inLanguage\":\"es\",\"@id\":\"https:\/\/associaciobatibull.org\/es\/escuela-de-ocio\/#primaryimage\",\"url\":\"http:\/\/www.associaciobatibull.org\/wp-content\/uploads\/2013\/04\/escolalleure-1.jpg\",\"contentUrl\":\"http:\/\/www.associaciobatibull.org\/wp-content\/uploads\/2013\/04\/escolalleure-1.jpg\"},{\"@type\":\"BreadcrumbList\",\"@id\":\"https:\/\/associaciobatibull.org\/es\/escuela-de-ocio\/#breadcrumb\",\"itemListElement\":[{\"@type\":\"ListItem\",\"position\":1,\"name\":\"Inici\",\"item\":\"https:\/\/associaciobatibull.org\/es\/\"},{\"@type\":\"ListItem\",\"position\":2,\"name\":\"Escuela de Ocio\"}]},{\"@type\":\"WebSite\",\"@id\":\"https:\/\/associaciobatibull.org\/#website\",\"url\":\"https:\/\/associaciobatibull.org\/\",\"name\":\"BATIBULL\",\"description\":\"Associaci\u00f3 Juvenil de Girona\",\"publisher\":{\"@id\":\"https:\/\/associaciobatibull.org\/#organization\"},\"potentialAction\":[{\"@type\":\"SearchAction\",\"target\":{\"@type\":\"EntryPoint\",\"urlTemplate\":\"https:\/\/associaciobatibull.org\/?s={search_term_string}\"},\"query-input\":{\"@type\":\"PropertyValueSpecification\",\"valueRequired\":true,\"valueName\":\"search_term_string\"}}],\"inLanguage\":\"es\"},{\"@type\":\"Organization\",\"@id\":\"https:\/\/associaciobatibull.org\/#organization\",\"name\":\"BATIBULL\",\"alternateName\":\"Batibull\",\"url\":\"https:\/\/associaciobatibull.org\/\",\"logo\":{\"@type\":\"ImageObject\",\"inLanguage\":\"es\",\"@id\":\"https:\/\/associaciobatibull.org\/#\/schema\/logo\/image\/\",\"url\":\"https:\/\/www.associaciobatibull.org\/wp-content\/uploads\/2018\/05\/associacio-batibull-e1461772803928-1.png\",\"contentUrl\":\"https:\/\/www.associaciobatibull.org\/wp-content\/uploads\/2018\/05\/associacio-batibull-e1461772803928-1.png\",\"width\":191,\"height\":60,\"caption\":\"BATIBULL\"},\"image\":{\"@id\":\"https:\/\/associaciobatibull.org\/#\/schema\/logo\/image\/\"},\"sameAs\":[\"https:\/\/www.facebook.com\/associaciobatibullgirona\/\",\"https:\/\/www.instagram.com\/associaciobatibull\/\"]}]}<\/script>\n<!-- \/ Yoast SEO plugin. -->","yoast_head_json":{"title":"Escuela de ocio Batibull - Cultura tradicional y actual","description":"Escuela basada en la cultura de ocio tradicional en nuestro pa\u00eds adaptada a la realidad actual dirigida a la poblaci\u00f3n infantil y juvenil.","robots":{"index":"index","follow":"follow","max-snippet":"max-snippet:-1","max-image-preview":"max-image-preview:large","max-video-preview":"max-video-preview:-1"},"canonical":"https:\/\/associaciobatibull.org\/es\/escuela-de-ocio\/","og_locale":"es_ES","og_type":"article","og_title":"Escuela de ocio Batibull - Cultura tradicional y actual","og_description":"Escuela basada en la cultura de ocio tradicional en nuestro pa\u00eds adaptada a la realidad actual dirigida a la poblaci\u00f3n infantil y juvenil.","og_url":"https:\/\/associaciobatibull.org\/es\/escuela-de-ocio\/","og_site_name":"BATIBULL","article_publisher":"https:\/\/www.facebook.com\/associaciobatibullgirona\/","article_modified_time":"2022-03-14T12:38:02+00:00","og_image":[{"url":"http:\/\/www.associaciobatibull.org\/wp-content\/uploads\/2013\/04\/escolalleure-1.jpg","type":"","width":"","height":""}],"twitter_card":"summary_large_image","twitter_misc":{"Tiempo de lectura":"3 minutos"},"schema":{"@context":"https:\/\/schema.org","@graph":[{"@type":"WebPage","@id":"https:\/\/associaciobatibull.org\/es\/escuela-de-ocio\/","url":"https:\/\/associaciobatibull.org\/es\/escuela-de-ocio\/","name":"Escuela de ocio Batibull - Cultura tradicional y actual","isPartOf":{"@id":"https:\/\/associaciobatibull.org\/#website"},"primaryImageOfPage":{"@id":"https:\/\/associaciobatibull.org\/es\/escuela-de-ocio\/#primaryimage"},"image":{"@id":"https:\/\/associaciobatibull.org\/es\/escuela-de-ocio\/#primaryimage"},"thumbnailUrl":"http:\/\/www.associaciobatibull.org\/wp-content\/uploads\/2013\/04\/escolalleure-1.jpg","datePublished":"2013-04-20T08:45:52+00:00","dateModified":"2022-03-14T12:38:02+00:00","description":"Escuela basada en la cultura de ocio tradicional en nuestro pa\u00eds adaptada a la realidad actual dirigida a la poblaci\u00f3n infantil y juvenil.","breadcrumb":{"@id":"https:\/\/associaciobatibull.org\/es\/escuela-de-ocio\/#breadcrumb"},"inLanguage":"es","potentialAction":[{"@type":"ReadAction","target":["https:\/\/associaciobatibull.org\/es\/escuela-de-ocio\/"]}]},{"@type":"ImageObject","inLanguage":"es","@id":"https:\/\/associaciobatibull.org\/es\/escuela-de-ocio\/#primaryimage","url":"http:\/\/www.associaciobatibull.org\/wp-content\/uploads\/2013\/04\/escolalleure-1.jpg","contentUrl":"http:\/\/www.associaciobatibull.org\/wp-content\/uploads\/2013\/04\/escolalleure-1.jpg"},{"@type":"BreadcrumbList","@id":"https:\/\/associaciobatibull.org\/es\/escuela-de-ocio\/#breadcrumb","itemListElement":[{"@type":"ListItem","position":1,"name":"Inici","item":"https:\/\/associaciobatibull.org\/es\/"},{"@type":"ListItem","position":2,"name":"Escuela de Ocio"}]},{"@type":"WebSite","@id":"https:\/\/associaciobatibull.org\/#website","url":"https:\/\/associaciobatibull.org\/","name":"BATIBULL","description":"Associaci\u00f3 Juvenil de Girona","publisher":{"@id":"https:\/\/associaciobatibull.org\/#organization"},"potentialAction":[{"@type":"SearchAction","target":{"@type":"EntryPoint","urlTemplate":"https:\/\/associaciobatibull.org\/?s={search_term_string}"},"query-input":{"@type":"PropertyValueSpecification","valueRequired":true,"valueName":"search_term_string"}}],"inLanguage":"es"},{"@type":"Organization","@id":"https:\/\/associaciobatibull.org\/#organization","name":"BATIBULL","alternateName":"Batibull","url":"https:\/\/associaciobatibull.org\/","logo":{"@type":"ImageObject","inLanguage":"es","@id":"https:\/\/associaciobatibull.org\/#\/schema\/logo\/image\/","url":"https:\/\/www.associaciobatibull.org\/wp-content\/uploads\/2018\/05\/associacio-batibull-e1461772803928-1.png","contentUrl":"https:\/\/www.associaciobatibull.org\/wp-content\/uploads\/2018\/05\/associacio-batibull-e1461772803928-1.png","width":191,"height":60,"caption":"BATIBULL"},"image":{"@id":"https:\/\/associaciobatibull.org\/#\/schema\/logo\/image\/"},"sameAs":["https:\/\/www.facebook.com\/associaciobatibullgirona\/","https:\/\/www.instagram.com\/associaciobatibull\/"]}]}},"_links":{"self":[{"href":"https:\/\/associaciobatibull.org\/es\/wp-json\/wp\/v2\/pages\/11280","targetHints":{"allow":["GET"]}}],"collection":[{"href":"https:\/\/associaciobatibull.org\/es\/wp-json\/wp\/v2\/pages"}],"about":[{"href":"https:\/\/associaciobatibull.org\/es\/wp-json\/wp\/v2\/types\/page"}],"author":[{"embeddable":true,"href":"https:\/\/associaciobatibull.org\/es\/wp-json\/wp\/v2\/users\/1"}],"replies":[{"embeddable":true,"href":"https:\/\/associaciobatibull.org\/es\/wp-json\/wp\/v2\/comments?post=11280"}],"version-history":[{"count":5,"href":"https:\/\/associaciobatibull.org\/es\/wp-json\/wp\/v2\/pages\/11280\/revisions"}],"predecessor-version":[{"id":12275,"href":"https:\/\/associaciobatibull.org\/es\/wp-json\/wp\/v2\/pages\/11280\/revisions\/12275"}],"wp:attachment":[{"href":"https:\/\/associaciobatibull.org\/es\/wp-json\/wp\/v2\/media?parent=11280"}],"curies":[{"name":"wp","href":"https:\/\/api.w.org\/{rel}","templated":true}]}}