{"id":11272,"date":"2015-12-04T09:31:32","date_gmt":"2015-12-04T09:31:32","guid":{"rendered":"http:\/\/www.associaciobatibull.org\/es\/morralla\/"},"modified":"2022-03-14T12:25:37","modified_gmt":"2022-03-14T12:25:37","slug":"morralla","status":"publish","type":"page","link":"https:\/\/associaciobatibull.org\/es\/morralla\/","title":{"rendered":"Nau 4"},"content":{"rendered":"<div class=\"fusion-fullwidth fullwidth-box hundred-percent-fullwidth non-hundred-percent-height-scrolling\"  style='background-color: rgba(255,255,255,0);background-position: center center;background-repeat: no-repeat;padding-top:0px;padding-right:0px;padding-bottom:0px;padding-left:0px;'><div class=\"fusion-builder-row fusion-row \"><div  class=\"fusion-layout-column fusion_builder_column fusion_builder_column_1_2  fusion-one-half fusion-column-first 1_2\"  style='margin-top:0px;margin-bottom:20px;width:48%; margin-right: 4%;'>\n\t\t\t\t\t<div class=\"fusion-column-wrapper\" style=\"padding: 0px 0px 0px 0px;background-position:left top;background-repeat:no-repeat;-webkit-background-size:cover;-moz-background-size:cover;-o-background-size:cover;background-size:cover;\"  data-bg-url=\"\">\n\t\t\t\t\t\t<div class=\"fusion-text\"><h2><strong>Nau 4<\/strong><\/h2>\n<p>Av. de l\u2019Estaci\u00f3 n\u00fam. 7\u00a0 nau\u00ba4<br \/>\n(detr\u00e1s de la gasolinera GALP) 17300, BLANES<br \/>\n<strong>Horario:<\/strong> de lunes a viernes de 17 h a 21 h.<br \/>\n<strong>Contacto: <a href=\"mailto:associaciobatibull@gmail.com\"><span style=\"font-weight: 400;\">associaciobatibull@gmail.com<\/span><\/a>\u00a0<\/strong><\/p>\n<p><strong>Nau 4<\/strong>\u00a0representa un espacio de ocio que promueve la participaci\u00f3n de los j\u00f3venes de Blanes mediante la autogesti\u00f3n de sus iniciativas. Es tambi\u00e9n, un punto de encuentro e intercambio para los j\u00f3venes. Desde el servicio se quiere potenciar el ocio de los j\u00f3venes en todas sus vertientes, como herramienta de construcci\u00f3n personal, liberadora y constructiva.<\/p>\n<p>En\u00a0<strong>Nau 4<\/strong>\u00a0os ofrecemos:<\/p>\n<ul>\n<li>Estudio de grabaci\u00f3n y producci\u00f3n musical.<\/li>\n<li>Sala polivalente.Gimnasio\/sala de baile.<\/li>\n<li>Sala de audiovisuales.<\/li>\n<li>Sala de conciertos con servicio de bar.<\/li>\n<li>Miniramp (skateboarding).<\/li>\n<\/ul>\n<p>Tambi\u00e9n pod\u00e9is encontrar actividades gratuitas como: cursos, talleres, monogr\u00e1ficos, conferencias\u2026 que pueden ir desde pintura hasta el manga, pasando por la danza del vientre o los malabares. Incluidas dentro de las programaciones peri\u00f3dicas de actividades, se puede encontrar desde campeonatos de skate hasta concursos literarios pasando por jornadas art\u00edsticas y participativas como el Fes-te jove.<\/p>\n<p>Al mismo tiempo, ofrece la posibilidad de reservar un espacio donde reunirse o realizar actividades con tus amigos o compa\u00f1eros de asociaci\u00f3n, as\u00ed como solicitar el pr\u00e9stamo del proyector o el equipo de sonido.<\/p>\n<\/div><div class=\"fusion-clearfix\"><\/div>\n\n\t\t\t\t\t<\/div>\n\t\t\t\t<\/div><div  class=\"fusion-layout-column fusion_builder_column fusion_builder_column_1_2  fusion-one-half fusion-column-last 1_2\"  style='margin-top:0px;margin-bottom:20px;width:48%'>\n\t\t\t\t\t<div class=\"fusion-column-wrapper\" style=\"padding: 0px 0px 0px 0px;background-position:left top;background-repeat:no-repeat;-webkit-background-size:cover;-moz-background-size:cover;-o-background-size:cover;background-size:cover;\"  data-bg-url=\"\">\n\t\t\t\t\t\t<span class=\"fusion-imageframe imageframe-none imageframe-1 hover-type-none\"><img decoding=\"async\" src=\"http:\/\/www.associaciobatibull.org\/wp-content\/uploads\/2013\/04\/CIMG0190-1-768x1024.jpg\" width=\"\" height=\"\" alt=\"morralla\" title=\"\" class=\"img-responsive\"\/><\/span><div class=\"fusion-sep-clear\"><\/div><div class=\"fusion-separator fusion-full-width-sep sep-none\" style=\"margin-left: auto;margin-right: auto;margin-top:8px;margin-bottom:8px;\"><\/div><div class=\"fusion-clearfix\"><\/div>\n\n\t\t\t\t\t<\/div>\n\t\t\t\t<\/div><\/div><\/div>\n","protected":false},"excerpt":{"rendered":"","protected":false},"author":1,"featured_media":0,"parent":0,"menu_order":0,"comment_status":"closed","ping_status":"closed","template":"","meta":{"footnotes":""},"class_list":["post-11272","page","type-page","status-publish","hentry"],"yoast_head":"<!-- This site is optimized with the Yoast SEO plugin v26.6 - https:\/\/yoast.com\/wordpress\/plugins\/seo\/ -->\n<title>Morralla Espai Creatiu - Espacio para j\u00f3venes de Blanes<\/title>\n<meta name=\"description\" content=\"Nau 4 representa un espacio de ocio que promueve la participaci\u00f3n de los j\u00f3venes de Blanes mediante la autogesti\u00f3n de sus iniciativas.\" \/>\n<meta name=\"robots\" content=\"index, follow, max-snippet:-1, max-image-preview:large, max-video-preview:-1\" \/>\n<link rel=\"canonical\" href=\"https:\/\/associaciobatibull.org\/es\/morralla\/\" \/>\n<meta property=\"og:locale\" content=\"es_ES\" \/>\n<meta property=\"og:type\" content=\"article\" \/>\n<meta property=\"og:title\" content=\"Morralla Espai Creatiu - Espacio para j\u00f3venes de Blanes\" \/>\n<meta property=\"og:description\" content=\"Nau 4 representa un espacio de ocio que promueve la participaci\u00f3n de los j\u00f3venes de Blanes mediante la autogesti\u00f3n de sus iniciativas.\" \/>\n<meta property=\"og:url\" content=\"https:\/\/associaciobatibull.org\/es\/morralla\/\" \/>\n<meta property=\"og:site_name\" content=\"BATIBULL\" \/>\n<meta property=\"article:publisher\" content=\"https:\/\/www.facebook.com\/associaciobatibullgirona\/\" \/>\n<meta property=\"article:modified_time\" content=\"2022-03-14T12:25:37+00:00\" \/>\n<meta property=\"og:image\" content=\"http:\/\/www.associaciobatibull.org\/wp-content\/uploads\/2013\/04\/CIMG0190-1-768x1024.jpg\" \/>\n<meta name=\"twitter:card\" content=\"summary_large_image\" \/>\n<meta name=\"twitter:label1\" content=\"Tiempo de lectura\" \/>\n\t<meta name=\"twitter:data1\" content=\"2 minutos\" \/>\n<script type=\"application\/ld+json\" class=\"yoast-schema-graph\">{\"@context\":\"https:\/\/schema.org\",\"@graph\":[{\"@type\":\"WebPage\",\"@id\":\"https:\/\/associaciobatibull.org\/es\/morralla\/\",\"url\":\"https:\/\/associaciobatibull.org\/es\/morralla\/\",\"name\":\"Morralla Espai Creatiu - Espacio para j\u00f3venes de Blanes\",\"isPartOf\":{\"@id\":\"https:\/\/associaciobatibull.org\/#website\"},\"primaryImageOfPage\":{\"@id\":\"https:\/\/associaciobatibull.org\/es\/morralla\/#primaryimage\"},\"image\":{\"@id\":\"https:\/\/associaciobatibull.org\/es\/morralla\/#primaryimage\"},\"thumbnailUrl\":\"http:\/\/www.associaciobatibull.org\/wp-content\/uploads\/2013\/04\/CIMG0190-1-768x1024.jpg\",\"datePublished\":\"2015-12-04T09:31:32+00:00\",\"dateModified\":\"2022-03-14T12:25:37+00:00\",\"description\":\"Nau 4 representa un espacio de ocio que promueve la participaci\u00f3n de los j\u00f3venes de Blanes mediante la autogesti\u00f3n de sus iniciativas.\",\"breadcrumb\":{\"@id\":\"https:\/\/associaciobatibull.org\/es\/morralla\/#breadcrumb\"},\"inLanguage\":\"es\",\"potentialAction\":[{\"@type\":\"ReadAction\",\"target\":[\"https:\/\/associaciobatibull.org\/es\/morralla\/\"]}]},{\"@type\":\"ImageObject\",\"inLanguage\":\"es\",\"@id\":\"https:\/\/associaciobatibull.org\/es\/morralla\/#primaryimage\",\"url\":\"http:\/\/www.associaciobatibull.org\/wp-content\/uploads\/2013\/04\/CIMG0190-1-768x1024.jpg\",\"contentUrl\":\"http:\/\/www.associaciobatibull.org\/wp-content\/uploads\/2013\/04\/CIMG0190-1-768x1024.jpg\"},{\"@type\":\"BreadcrumbList\",\"@id\":\"https:\/\/associaciobatibull.org\/es\/morralla\/#breadcrumb\",\"itemListElement\":[{\"@type\":\"ListItem\",\"position\":1,\"name\":\"Inici\",\"item\":\"https:\/\/associaciobatibull.org\/es\/\"},{\"@type\":\"ListItem\",\"position\":2,\"name\":\"Nau 4\"}]},{\"@type\":\"WebSite\",\"@id\":\"https:\/\/associaciobatibull.org\/#website\",\"url\":\"https:\/\/associaciobatibull.org\/\",\"name\":\"BATIBULL\",\"description\":\"Associaci\u00f3 Juvenil de Girona\",\"publisher\":{\"@id\":\"https:\/\/associaciobatibull.org\/#organization\"},\"potentialAction\":[{\"@type\":\"SearchAction\",\"target\":{\"@type\":\"EntryPoint\",\"urlTemplate\":\"https:\/\/associaciobatibull.org\/?s={search_term_string}\"},\"query-input\":{\"@type\":\"PropertyValueSpecification\",\"valueRequired\":true,\"valueName\":\"search_term_string\"}}],\"inLanguage\":\"es\"},{\"@type\":\"Organization\",\"@id\":\"https:\/\/associaciobatibull.org\/#organization\",\"name\":\"BATIBULL\",\"alternateName\":\"Batibull\",\"url\":\"https:\/\/associaciobatibull.org\/\",\"logo\":{\"@type\":\"ImageObject\",\"inLanguage\":\"es\",\"@id\":\"https:\/\/associaciobatibull.org\/#\/schema\/logo\/image\/\",\"url\":\"https:\/\/www.associaciobatibull.org\/wp-content\/uploads\/2018\/05\/associacio-batibull-e1461772803928-1.png\",\"contentUrl\":\"https:\/\/www.associaciobatibull.org\/wp-content\/uploads\/2018\/05\/associacio-batibull-e1461772803928-1.png\",\"width\":191,\"height\":60,\"caption\":\"BATIBULL\"},\"image\":{\"@id\":\"https:\/\/associaciobatibull.org\/#\/schema\/logo\/image\/\"},\"sameAs\":[\"https:\/\/www.facebook.com\/associaciobatibullgirona\/\",\"https:\/\/www.instagram.com\/associaciobatibull\/\"]}]}<\/script>\n<!-- \/ Yoast SEO plugin. -->","yoast_head_json":{"title":"Morralla Espai Creatiu - Espacio para j\u00f3venes de Blanes","description":"Nau 4 representa un espacio de ocio que promueve la participaci\u00f3n de los j\u00f3venes de Blanes mediante la autogesti\u00f3n de sus iniciativas.","robots":{"index":"index","follow":"follow","max-snippet":"max-snippet:-1","max-image-preview":"max-image-preview:large","max-video-preview":"max-video-preview:-1"},"canonical":"https:\/\/associaciobatibull.org\/es\/morralla\/","og_locale":"es_ES","og_type":"article","og_title":"Morralla Espai Creatiu - Espacio para j\u00f3venes de Blanes","og_description":"Nau 4 representa un espacio de ocio que promueve la participaci\u00f3n de los j\u00f3venes de Blanes mediante la autogesti\u00f3n de sus iniciativas.","og_url":"https:\/\/associaciobatibull.org\/es\/morralla\/","og_site_name":"BATIBULL","article_publisher":"https:\/\/www.facebook.com\/associaciobatibullgirona\/","article_modified_time":"2022-03-14T12:25:37+00:00","og_image":[{"url":"http:\/\/www.associaciobatibull.org\/wp-content\/uploads\/2013\/04\/CIMG0190-1-768x1024.jpg","type":"","width":"","height":""}],"twitter_card":"summary_large_image","twitter_misc":{"Tiempo de lectura":"2 minutos"},"schema":{"@context":"https:\/\/schema.org","@graph":[{"@type":"WebPage","@id":"https:\/\/associaciobatibull.org\/es\/morralla\/","url":"https:\/\/associaciobatibull.org\/es\/morralla\/","name":"Morralla Espai Creatiu - Espacio para j\u00f3venes de Blanes","isPartOf":{"@id":"https:\/\/associaciobatibull.org\/#website"},"primaryImageOfPage":{"@id":"https:\/\/associaciobatibull.org\/es\/morralla\/#primaryimage"},"image":{"@id":"https:\/\/associaciobatibull.org\/es\/morralla\/#primaryimage"},"thumbnailUrl":"http:\/\/www.associaciobatibull.org\/wp-content\/uploads\/2013\/04\/CIMG0190-1-768x1024.jpg","datePublished":"2015-12-04T09:31:32+00:00","dateModified":"2022-03-14T12:25:37+00:00","description":"Nau 4 representa un espacio de ocio que promueve la participaci\u00f3n de los j\u00f3venes de Blanes mediante la autogesti\u00f3n de sus iniciativas.","breadcrumb":{"@id":"https:\/\/associaciobatibull.org\/es\/morralla\/#breadcrumb"},"inLanguage":"es","potentialAction":[{"@type":"ReadAction","target":["https:\/\/associaciobatibull.org\/es\/morralla\/"]}]},{"@type":"ImageObject","inLanguage":"es","@id":"https:\/\/associaciobatibull.org\/es\/morralla\/#primaryimage","url":"http:\/\/www.associaciobatibull.org\/wp-content\/uploads\/2013\/04\/CIMG0190-1-768x1024.jpg","contentUrl":"http:\/\/www.associaciobatibull.org\/wp-content\/uploads\/2013\/04\/CIMG0190-1-768x1024.jpg"},{"@type":"BreadcrumbList","@id":"https:\/\/associaciobatibull.org\/es\/morralla\/#breadcrumb","itemListElement":[{"@type":"ListItem","position":1,"name":"Inici","item":"https:\/\/associaciobatibull.org\/es\/"},{"@type":"ListItem","position":2,"name":"Nau 4"}]},{"@type":"WebSite","@id":"https:\/\/associaciobatibull.org\/#website","url":"https:\/\/associaciobatibull.org\/","name":"BATIBULL","description":"Associaci\u00f3 Juvenil de Girona","publisher":{"@id":"https:\/\/associaciobatibull.org\/#organization"},"potentialAction":[{"@type":"SearchAction","target":{"@type":"EntryPoint","urlTemplate":"https:\/\/associaciobatibull.org\/?s={search_term_string}"},"query-input":{"@type":"PropertyValueSpecification","valueRequired":true,"valueName":"search_term_string"}}],"inLanguage":"es"},{"@type":"Organization","@id":"https:\/\/associaciobatibull.org\/#organization","name":"BATIBULL","alternateName":"Batibull","url":"https:\/\/associaciobatibull.org\/","logo":{"@type":"ImageObject","inLanguage":"es","@id":"https:\/\/associaciobatibull.org\/#\/schema\/logo\/image\/","url":"https:\/\/www.associaciobatibull.org\/wp-content\/uploads\/2018\/05\/associacio-batibull-e1461772803928-1.png","contentUrl":"https:\/\/www.associaciobatibull.org\/wp-content\/uploads\/2018\/05\/associacio-batibull-e1461772803928-1.png","width":191,"height":60,"caption":"BATIBULL"},"image":{"@id":"https:\/\/associaciobatibull.org\/#\/schema\/logo\/image\/"},"sameAs":["https:\/\/www.facebook.com\/associaciobatibullgirona\/","https:\/\/www.instagram.com\/associaciobatibull\/"]}]}},"_links":{"self":[{"href":"https:\/\/associaciobatibull.org\/es\/wp-json\/wp\/v2\/pages\/11272","targetHints":{"allow":["GET"]}}],"collection":[{"href":"https:\/\/associaciobatibull.org\/es\/wp-json\/wp\/v2\/pages"}],"about":[{"href":"https:\/\/associaciobatibull.org\/es\/wp-json\/wp\/v2\/types\/page"}],"author":[{"embeddable":true,"href":"https:\/\/associaciobatibull.org\/es\/wp-json\/wp\/v2\/users\/1"}],"replies":[{"embeddable":true,"href":"https:\/\/associaciobatibull.org\/es\/wp-json\/wp\/v2\/comments?post=11272"}],"version-history":[{"count":15,"href":"https:\/\/associaciobatibull.org\/es\/wp-json\/wp\/v2\/pages\/11272\/revisions"}],"predecessor-version":[{"id":12261,"href":"https:\/\/associaciobatibull.org\/es\/wp-json\/wp\/v2\/pages\/11272\/revisions\/12261"}],"wp:attachment":[{"href":"https:\/\/associaciobatibull.org\/es\/wp-json\/wp\/v2\/media?parent=11272"}],"curies":[{"name":"wp","href":"https:\/\/api.w.org\/{rel}","templated":true}]}}