{"id":11213,"date":"2013-04-22T14:27:56","date_gmt":"2013-04-22T14:27:56","guid":{"rendered":"http:\/\/www.associaciobatibull.org\/entitat\/?lang=es"},"modified":"2018-05-02T11:14:51","modified_gmt":"2018-05-02T11:14:51","slug":"entidad","status":"publish","type":"page","link":"https:\/\/associaciobatibull.org\/es\/entidad\/","title":{"rendered":"Entidad"},"content":{"rendered":"<div class=\"fusion-fullwidth fullwidth-box hundred-percent-fullwidth non-hundred-percent-height-scrolling\"  style='background-color: rgba(255,255,255,0);background-position: center center;background-repeat: no-repeat;padding-top:0px;padding-right:0px;padding-bottom:0px;padding-left:0px;'><div class=\"fusion-builder-row fusion-row \"><div  class=\"fusion-layout-column fusion_builder_column fusion_builder_column_1_2  fusion-one-half fusion-column-first 1_2\"  style='margin-top:0px;margin-bottom:20px;width:48%; margin-right: 4%;'>\n\t\t\t\t\t<div class=\"fusion-column-wrapper\" style=\"background-position:left top;background-repeat:no-repeat;-webkit-background-size:cover;-moz-background-size:cover;-o-background-size:cover;background-size:cover;\"  data-bg-url=\"\">\n\t\t\t\t\t\t<div class=\"fusion-text\"><h2><strong>M\u00c1S DE 20 A\u00d1OS DE\u00a0OCIO<\/strong><\/h2>\n<p>La Asociaci\u00f3n Batibull nace en 1993 con el fin de proporcionar el ocio como espacio educativo y l\u00fadico, mediante proyectos creativos y como pr\u00e1ctica educativa: la animaci\u00f3n sociocultural, cooperando activamente con la acci\u00f3n social y cultural del entorno donde se realiza la intervenci\u00f3n educativa para desarrollar y transformar la comunidad.<\/p>\n<p>Somos una asociaci\u00f3n educativa sin \u00e1nimo de lucro que llevamos 22 a\u00f1os acompa\u00f1ando principalmente a ni\u00f1os, adolescentes y j\u00f3venes en su trayectoria vital, en la cual potencian la igualdad de oportunidades en el \u00e1mbito educativo y social.<\/p>\n<p>Dirigimos y gestionamos varias iniciativas con una clara metodolog\u00eda pedag\u00f3gica basada en estos tres pilares:<strong> PIENSA-DECIDE-ACT\u00daA<\/strong> para conseguir nuestros objetivos:<\/p>\n<ul>\n<li>Potenciar el tiempo de ocio como valor educativo y social.<\/li>\n<li>Proporcionar espacios\/proyectos de ocio como elementos de generadores de promoci\u00f3n y difusi\u00f3n de cultura.<\/li>\n<li>Promover el pensamiento cr\u00edtico, como elemento esencial por el cambio, mejora y transformaci\u00f3n social.<\/li>\n<li>Utilizar las nuevas tecnolog\u00edas como herramientas did\u00e1cticas.<\/li>\n<li>Experimentar y ensayar diferentes metodolog\u00edas que faciliten la vivencia de valores.<\/li>\n<\/ul>\n<\/div><div class=\"fusion-clearfix\"><\/div>\n\n\t\t\t\t\t<\/div>\n\t\t\t\t<\/div><div  class=\"fusion-layout-column fusion_builder_column fusion_builder_column_1_2  fusion-one-half fusion-column-last 1_2\"  style='margin-top:0px;margin-bottom:20px;width:48%'>\n\t\t\t\t\t<div class=\"fusion-column-wrapper\" style=\"background-position:left top;background-repeat:no-repeat;-webkit-background-size:cover;-moz-background-size:cover;-o-background-size:cover;background-size:cover;\"  data-bg-url=\"\">\n\t\t\t\t\t\t<span class=\"fusion-imageframe imageframe-none imageframe-1 hover-type-none\"><a href=\"http:\/\/www.associaciobatibull.org\/wp-content\/uploads\/2013\/04\/Bruixeta-batibull.jpg\" class=\"fusion-lightbox\" data-rel=\"iLightbox[ec37e86bffe85f266ac]\"><img decoding=\"async\" src=\"http:\/\/www.associaciobatibull.org\/wp-content\/uploads\/2013\/04\/Bruixeta-batibull.jpg\" width=\"\" height=\"\" alt=\"associacio batibull\" class=\"img-responsive\"\/><\/a><\/span><div class=\"fusion-sep-clear\"><\/div><div class=\"fusion-separator fusion-full-width-sep sep-none\" style=\"margin-left: auto;margin-right: auto;margin-top:8px;margin-bottom:8px;\"><\/div><div class=\"fusion-text\"><p>Nuestra finalidad es ofrecer a los ni\u00f1os y j\u00f3venes, en nuestras intervenciones educativas, un espacio HUMANIZADOR y personal para aprender y crecer como personas desde una perspectiva integral: a partir de potenciar acciones promocionales y proactivas CON las personas y PARA las personas, para lograr una mejora y una transformaci\u00f3n individual y social.<\/p>\n<p>La entidad vela por la generaci\u00f3n de procesos din\u00e1micos que se adaptan a las necesidades e intereses de las personas y en los que se proporcionan espacios de experimentaci\u00f3n y creaci\u00f3n. De esta forma, se genera un ocio l\u00fadico, de progreso cultural, y solidario.<\/p>\n<p>La Asociaci\u00f3n Batibull trabaja por la consolidaci\u00f3n de esta metodolog\u00eda y la realizaci\u00f3n de nuevos proyectos para que el colectivo joven pueda acceder en espacios\/proyectes de ocio creativo donde se desarrolle la expresi\u00f3n art\u00edstica en todas sus dimensiones y ofrezcan experiencias de desarrollo y satisfacci\u00f3n individual y colectiva.<\/p>\n<\/div><div class=\"fusion-clearfix\"><\/div>\n\n\t\t\t\t\t<\/div>\n\t\t\t\t<\/div><\/div><\/div>\n","protected":false},"excerpt":{"rendered":"","protected":false},"author":1,"featured_media":0,"parent":0,"menu_order":0,"comment_status":"closed","ping_status":"closed","template":"","meta":{"footnotes":""},"class_list":["post-11213","page","type-page","status-publish","hentry"],"yoast_head":"<!-- This site is optimized with the Yoast SEO plugin v26.6 - https:\/\/yoast.com\/wordpress\/plugins\/seo\/ -->\n<title>Entidad - BATIBULL<\/title>\n<meta name=\"description\" content=\"La Asociaci\u00f3n Batibull nace en 1993 con el fin de proporcionar el ocio como espacio educativo y l\u00fadico, mediante proyectos creativos.\" \/>\n<meta name=\"robots\" content=\"index, follow, max-snippet:-1, max-image-preview:large, max-video-preview:-1\" \/>\n<link rel=\"canonical\" href=\"https:\/\/associaciobatibull.org\/es\/entidad\/\" \/>\n<meta property=\"og:locale\" content=\"es_ES\" \/>\n<meta property=\"og:type\" content=\"article\" \/>\n<meta property=\"og:title\" content=\"Entidad - BATIBULL\" \/>\n<meta property=\"og:description\" content=\"La Asociaci\u00f3n Batibull nace en 1993 con el fin de proporcionar el ocio como espacio educativo y l\u00fadico, mediante proyectos creativos.\" \/>\n<meta property=\"og:url\" content=\"https:\/\/associaciobatibull.org\/es\/entidad\/\" \/>\n<meta property=\"og:site_name\" content=\"BATIBULL\" \/>\n<meta property=\"article:publisher\" content=\"https:\/\/www.facebook.com\/associaciobatibullgirona\/\" \/>\n<meta property=\"article:modified_time\" content=\"2018-05-02T11:14:51+00:00\" \/>\n<meta property=\"og:image\" content=\"http:\/\/www.associaciobatibull.org\/wp-content\/uploads\/2013\/04\/Bruixeta-batibull.jpg\" \/>\n<meta name=\"twitter:card\" content=\"summary_large_image\" \/>\n<meta name=\"twitter:label1\" content=\"Tiempo de lectura\" \/>\n\t<meta name=\"twitter:data1\" content=\"3 minutos\" \/>\n<script type=\"application\/ld+json\" class=\"yoast-schema-graph\">{\"@context\":\"https:\/\/schema.org\",\"@graph\":[{\"@type\":\"WebPage\",\"@id\":\"https:\/\/associaciobatibull.org\/es\/entidad\/\",\"url\":\"https:\/\/associaciobatibull.org\/es\/entidad\/\",\"name\":\"Entidad - BATIBULL\",\"isPartOf\":{\"@id\":\"https:\/\/associaciobatibull.org\/#website\"},\"primaryImageOfPage\":{\"@id\":\"https:\/\/associaciobatibull.org\/es\/entidad\/#primaryimage\"},\"image\":{\"@id\":\"https:\/\/associaciobatibull.org\/es\/entidad\/#primaryimage\"},\"thumbnailUrl\":\"http:\/\/www.associaciobatibull.org\/wp-content\/uploads\/2013\/04\/Bruixeta-batibull.jpg\",\"datePublished\":\"2013-04-22T14:27:56+00:00\",\"dateModified\":\"2018-05-02T11:14:51+00:00\",\"description\":\"La Asociaci\u00f3n Batibull nace en 1993 con el fin de proporcionar el ocio como espacio educativo y l\u00fadico, mediante proyectos creativos.\",\"breadcrumb\":{\"@id\":\"https:\/\/associaciobatibull.org\/es\/entidad\/#breadcrumb\"},\"inLanguage\":\"es\",\"potentialAction\":[{\"@type\":\"ReadAction\",\"target\":[\"https:\/\/associaciobatibull.org\/es\/entidad\/\"]}]},{\"@type\":\"ImageObject\",\"inLanguage\":\"es\",\"@id\":\"https:\/\/associaciobatibull.org\/es\/entidad\/#primaryimage\",\"url\":\"http:\/\/www.associaciobatibull.org\/wp-content\/uploads\/2013\/04\/Bruixeta-batibull.jpg\",\"contentUrl\":\"http:\/\/www.associaciobatibull.org\/wp-content\/uploads\/2013\/04\/Bruixeta-batibull.jpg\"},{\"@type\":\"BreadcrumbList\",\"@id\":\"https:\/\/associaciobatibull.org\/es\/entidad\/#breadcrumb\",\"itemListElement\":[{\"@type\":\"ListItem\",\"position\":1,\"name\":\"Inici\",\"item\":\"https:\/\/associaciobatibull.org\/es\/\"},{\"@type\":\"ListItem\",\"position\":2,\"name\":\"Entidad\"}]},{\"@type\":\"WebSite\",\"@id\":\"https:\/\/associaciobatibull.org\/#website\",\"url\":\"https:\/\/associaciobatibull.org\/\",\"name\":\"BATIBULL\",\"description\":\"Associaci\u00f3 Juvenil de Girona\",\"publisher\":{\"@id\":\"https:\/\/associaciobatibull.org\/#organization\"},\"potentialAction\":[{\"@type\":\"SearchAction\",\"target\":{\"@type\":\"EntryPoint\",\"urlTemplate\":\"https:\/\/associaciobatibull.org\/?s={search_term_string}\"},\"query-input\":{\"@type\":\"PropertyValueSpecification\",\"valueRequired\":true,\"valueName\":\"search_term_string\"}}],\"inLanguage\":\"es\"},{\"@type\":\"Organization\",\"@id\":\"https:\/\/associaciobatibull.org\/#organization\",\"name\":\"BATIBULL\",\"alternateName\":\"Batibull\",\"url\":\"https:\/\/associaciobatibull.org\/\",\"logo\":{\"@type\":\"ImageObject\",\"inLanguage\":\"es\",\"@id\":\"https:\/\/associaciobatibull.org\/#\/schema\/logo\/image\/\",\"url\":\"https:\/\/www.associaciobatibull.org\/wp-content\/uploads\/2018\/05\/associacio-batibull-e1461772803928-1.png\",\"contentUrl\":\"https:\/\/www.associaciobatibull.org\/wp-content\/uploads\/2018\/05\/associacio-batibull-e1461772803928-1.png\",\"width\":191,\"height\":60,\"caption\":\"BATIBULL\"},\"image\":{\"@id\":\"https:\/\/associaciobatibull.org\/#\/schema\/logo\/image\/\"},\"sameAs\":[\"https:\/\/www.facebook.com\/associaciobatibullgirona\/\",\"https:\/\/www.instagram.com\/associaciobatibull\/\"]}]}<\/script>\n<!-- \/ Yoast SEO plugin. -->","yoast_head_json":{"title":"Entidad - BATIBULL","description":"La Asociaci\u00f3n Batibull nace en 1993 con el fin de proporcionar el ocio como espacio educativo y l\u00fadico, mediante proyectos creativos.","robots":{"index":"index","follow":"follow","max-snippet":"max-snippet:-1","max-image-preview":"max-image-preview:large","max-video-preview":"max-video-preview:-1"},"canonical":"https:\/\/associaciobatibull.org\/es\/entidad\/","og_locale":"es_ES","og_type":"article","og_title":"Entidad - BATIBULL","og_description":"La Asociaci\u00f3n Batibull nace en 1993 con el fin de proporcionar el ocio como espacio educativo y l\u00fadico, mediante proyectos creativos.","og_url":"https:\/\/associaciobatibull.org\/es\/entidad\/","og_site_name":"BATIBULL","article_publisher":"https:\/\/www.facebook.com\/associaciobatibullgirona\/","article_modified_time":"2018-05-02T11:14:51+00:00","og_image":[{"url":"http:\/\/www.associaciobatibull.org\/wp-content\/uploads\/2013\/04\/Bruixeta-batibull.jpg","type":"","width":"","height":""}],"twitter_card":"summary_large_image","twitter_misc":{"Tiempo de lectura":"3 minutos"},"schema":{"@context":"https:\/\/schema.org","@graph":[{"@type":"WebPage","@id":"https:\/\/associaciobatibull.org\/es\/entidad\/","url":"https:\/\/associaciobatibull.org\/es\/entidad\/","name":"Entidad - BATIBULL","isPartOf":{"@id":"https:\/\/associaciobatibull.org\/#website"},"primaryImageOfPage":{"@id":"https:\/\/associaciobatibull.org\/es\/entidad\/#primaryimage"},"image":{"@id":"https:\/\/associaciobatibull.org\/es\/entidad\/#primaryimage"},"thumbnailUrl":"http:\/\/www.associaciobatibull.org\/wp-content\/uploads\/2013\/04\/Bruixeta-batibull.jpg","datePublished":"2013-04-22T14:27:56+00:00","dateModified":"2018-05-02T11:14:51+00:00","description":"La Asociaci\u00f3n Batibull nace en 1993 con el fin de proporcionar el ocio como espacio educativo y l\u00fadico, mediante proyectos creativos.","breadcrumb":{"@id":"https:\/\/associaciobatibull.org\/es\/entidad\/#breadcrumb"},"inLanguage":"es","potentialAction":[{"@type":"ReadAction","target":["https:\/\/associaciobatibull.org\/es\/entidad\/"]}]},{"@type":"ImageObject","inLanguage":"es","@id":"https:\/\/associaciobatibull.org\/es\/entidad\/#primaryimage","url":"http:\/\/www.associaciobatibull.org\/wp-content\/uploads\/2013\/04\/Bruixeta-batibull.jpg","contentUrl":"http:\/\/www.associaciobatibull.org\/wp-content\/uploads\/2013\/04\/Bruixeta-batibull.jpg"},{"@type":"BreadcrumbList","@id":"https:\/\/associaciobatibull.org\/es\/entidad\/#breadcrumb","itemListElement":[{"@type":"ListItem","position":1,"name":"Inici","item":"https:\/\/associaciobatibull.org\/es\/"},{"@type":"ListItem","position":2,"name":"Entidad"}]},{"@type":"WebSite","@id":"https:\/\/associaciobatibull.org\/#website","url":"https:\/\/associaciobatibull.org\/","name":"BATIBULL","description":"Associaci\u00f3 Juvenil de Girona","publisher":{"@id":"https:\/\/associaciobatibull.org\/#organization"},"potentialAction":[{"@type":"SearchAction","target":{"@type":"EntryPoint","urlTemplate":"https:\/\/associaciobatibull.org\/?s={search_term_string}"},"query-input":{"@type":"PropertyValueSpecification","valueRequired":true,"valueName":"search_term_string"}}],"inLanguage":"es"},{"@type":"Organization","@id":"https:\/\/associaciobatibull.org\/#organization","name":"BATIBULL","alternateName":"Batibull","url":"https:\/\/associaciobatibull.org\/","logo":{"@type":"ImageObject","inLanguage":"es","@id":"https:\/\/associaciobatibull.org\/#\/schema\/logo\/image\/","url":"https:\/\/www.associaciobatibull.org\/wp-content\/uploads\/2018\/05\/associacio-batibull-e1461772803928-1.png","contentUrl":"https:\/\/www.associaciobatibull.org\/wp-content\/uploads\/2018\/05\/associacio-batibull-e1461772803928-1.png","width":191,"height":60,"caption":"BATIBULL"},"image":{"@id":"https:\/\/associaciobatibull.org\/#\/schema\/logo\/image\/"},"sameAs":["https:\/\/www.facebook.com\/associaciobatibullgirona\/","https:\/\/www.instagram.com\/associaciobatibull\/"]}]}},"_links":{"self":[{"href":"https:\/\/associaciobatibull.org\/es\/wp-json\/wp\/v2\/pages\/11213","targetHints":{"allow":["GET"]}}],"collection":[{"href":"https:\/\/associaciobatibull.org\/es\/wp-json\/wp\/v2\/pages"}],"about":[{"href":"https:\/\/associaciobatibull.org\/es\/wp-json\/wp\/v2\/types\/page"}],"author":[{"embeddable":true,"href":"https:\/\/associaciobatibull.org\/es\/wp-json\/wp\/v2\/users\/1"}],"replies":[{"embeddable":true,"href":"https:\/\/associaciobatibull.org\/es\/wp-json\/wp\/v2\/comments?post=11213"}],"version-history":[{"count":3,"href":"https:\/\/associaciobatibull.org\/es\/wp-json\/wp\/v2\/pages\/11213\/revisions"}],"predecessor-version":[{"id":11689,"href":"https:\/\/associaciobatibull.org\/es\/wp-json\/wp\/v2\/pages\/11213\/revisions\/11689"}],"wp:attachment":[{"href":"https:\/\/associaciobatibull.org\/es\/wp-json\/wp\/v2\/media?parent=11213"}],"curies":[{"name":"wp","href":"https:\/\/api.w.org\/{rel}","templated":true}]}}